{"id":908,"date":"2023-03-18T22:01:56","date_gmt":"2023-03-18T21:01:56","guid":{"rendered":"http:\/\/www.lespierrades.fr\/?page_id=908"},"modified":"2023-05-02T08:36:13","modified_gmt":"2023-05-02T07:36:13","slug":"un-tourisme-vert","status":"publish","type":"page","link":"https:\/\/www.lespierrades.fr\/?page_id=908","title":{"rendered":"Un tourisme vert"},"content":{"rendered":"\n<p>Depuis notre cr\u00e9ation, nous cherchons \u00e0 adopter une logique de respect de l&rsquo;environnement \u00e0 travers nos activit\u00e9s sur le domaine situ\u00e9 au coeur de la nature camarguaise.<\/p>\n\n\n\n<hr class=\"wp-block-separator has-alpha-channel-opacity\"\/>\n\n\n\n<h2 class=\"wp-block-heading\">La basse-cour et le recyclage des d\u00e9chets<\/h2>\n\n\n\n<p>Les propri\u00e9taires entretiennent une petite ferme sur le domaine qui est accessible aux vacanciers .Ils y trouverons un poulailler contenant une basse-cour de poules et de canards. <\/p>\n\n\n\n<p>En plus d&rsquo;\u00eatre une activit\u00e9 ludique pour les jeunes enfants, ceci permet \u00e0 l&rsquo;ensemble des <strong>d\u00e9chets organiques d&rsquo;\u00eatre recycl\u00e9s<\/strong> de fa\u00e7on la plus naturelle possible: en nourrissant les animaux de la ferme avec pelures de l\u00e9gumes et autres restes de v\u00e9g\u00e9taux. Les l\u00e9gumes non-consommables du jardins ou l&rsquo;herbe verte qui poussent autour du domaine font aussi le bonheur des animaux.<\/p>\n\n\n\n<p>Les autres d\u00e9chets non-consommables sont r\u00e9cup\u00e9r\u00e9s pour faire du compost qui sera ensuite utilis\u00e9 dans le jardin potager.<\/p>\n\n\n\n<hr class=\"wp-block-separator has-alpha-channel-opacity\"\/>\n\n\n\n<h2 class=\"wp-block-heading\">Le jardin potager <\/h2>\n\n\n\n<p>Nous cultivons un jardin potager comprenant de nombreux fruits et l\u00e9gumes de saison. Nos m\u00e9thodes biologique sans engrais chimique et en utilisant les produits naturels,  favorisent la pousse des plantations.<\/p>\n\n\n\n<p>Demandez au propri\u00e9taires les fruits et l\u00e9gumes de saisons. Ils se feront un plaisir de vous en parler ainsi que de vous pr\u00e9senter leur m\u00e9thodes naturelles de croissance et astuces .<\/p>\n\n\n\n<p>Une serre bioclimatique permet de pr\u00e9parer les semis d\u00e8s le mois de mars.<\/p>\n\n\n\n<figure class=\"wp-block-image aligncenter size-large is-resized\"><img loading=\"lazy\" decoding=\"async\" src=\"https:\/\/www.lespierrades.fr\/wp-content\/uploads\/2023\/04\/camphoto_1903590565-768x1024.jpg\" alt=\"\" class=\"wp-image-931\" width=\"281\" height=\"375\" srcset=\"https:\/\/www.lespierrades.fr\/wp-content\/uploads\/2023\/04\/camphoto_1903590565-768x1024.jpg 768w, https:\/\/www.lespierrades.fr\/wp-content\/uploads\/2023\/04\/camphoto_1903590565-675x900.jpg 675w, https:\/\/www.lespierrades.fr\/wp-content\/uploads\/2023\/04\/camphoto_1903590565-1152x1536.jpg 1152w, https:\/\/www.lespierrades.fr\/wp-content\/uploads\/2023\/04\/camphoto_1903590565-1536x2048.jpg 1536w, https:\/\/www.lespierrades.fr\/wp-content\/uploads\/2023\/04\/camphoto_1903590565-scaled.jpg 1920w\" sizes=\"auto, (max-width: 281px) 100vw, 281px\" \/><figcaption class=\"wp-element-caption\">Les tomates du potager<\/figcaption><\/figure>\n\n\n\n<hr class=\"wp-block-separator has-alpha-channel-opacity\"\/>\n\n\n\n<h2 class=\"wp-block-heading\">Les \u00e9nergies renouvelables<\/h2>\n\n\n\n<p>Nous suivons une d\u00e9marche de tourisme respectueux et soutenable avec un engagement fort dans les \u00e9nergies renouvelables.<\/p>\n\n\n\n<p>Plusieurs toits sont \u00e9quip\u00e9s de <strong>panneaux solaires<\/strong> fournissant de l&rsquo;\u00e9lectricit\u00e9 aux habitations et profitant des nombreuses journ\u00e9es ensoleill\u00e9es dans la r\u00e9gion. Install\u00e9s depuis plus d&rsquo;une dizaine d&rsquo;ann\u00e9e, la surface a \u00e9t\u00e9 doubl\u00e9e en 2022 pour augmenter la contribution du solaire au domaine.<\/p>\n\n\n\n<p><\/p>\n\n\n\n<p>Le chauffage en hiver d&rsquo;un de nos b\u00e2timents se fait gr\u00e2ce \u00e0 un syst\u00e8me de <strong>g\u00e9othermie<\/strong>. Un circuit enfouit sous l&rsquo;espace de jeux ext\u00e9rieur permet de r\u00e9cup\u00e9rer la chaleur du sol, de la concentrer et de la redistribuer en basse saison. <\/p>\n\n\n\n<p>L&rsquo;eau utilis\u00e9e pour l&rsquo;irrigation est pr\u00e9cieuse et nous l utilisons parcimonieusement,( goutte \u00e0 gouttes, recyclage des eaux propres pour arroser les fleurs etc&#8230;)<\/p>\n\n\n\n<p>Le cadre naturel de la Camargue est unique et sa faune et sa flore y sont pr\u00e9cieuses. Nous g\u00e9rons notre activit\u00e9 dans le respect de la biodiversit\u00e9 et de cet environnement pour limiter notre empreinte et partager avec nos vacanciers ces valeurs.<\/p>\n","protected":false},"excerpt":{"rendered":"<p>Depuis notre cr\u00e9ation, nous cherchons \u00e0 adopter une logique de respect de l&rsquo;environnement \u00e0 travers nos activit\u00e9s sur le domaine situ\u00e9 au coeur de la nature camarguaise. La basse-cour et le recyclage des d\u00e9chets Les propri\u00e9taires entretiennent une petite ferme sur le domaine qui est accessible aux vacanciers .Ils y trouverons un poulailler contenant une [&hellip;]<\/p>\n","protected":false},"author":1,"featured_media":0,"parent":0,"menu_order":0,"comment_status":"closed","ping_status":"closed","template":"","meta":{"_acf_changed":false,"footnotes":""},"class_list":["post-908","page","type-page","status-publish","hentry"],"acf":[],"_links":{"self":[{"href":"https:\/\/www.lespierrades.fr\/index.php?rest_route=\/wp\/v2\/pages\/908","targetHints":{"allow":["GET"]}}],"collection":[{"href":"https:\/\/www.lespierrades.fr\/index.php?rest_route=\/wp\/v2\/pages"}],"about":[{"href":"https:\/\/www.lespierrades.fr\/index.php?rest_route=\/wp\/v2\/types\/page"}],"author":[{"embeddable":true,"href":"https:\/\/www.lespierrades.fr\/index.php?rest_route=\/wp\/v2\/users\/1"}],"replies":[{"embeddable":true,"href":"https:\/\/www.lespierrades.fr\/index.php?rest_route=%2Fwp%2Fv2%2Fcomments&post=908"}],"version-history":[{"count":9,"href":"https:\/\/www.lespierrades.fr\/index.php?rest_route=\/wp\/v2\/pages\/908\/revisions"}],"predecessor-version":[{"id":1069,"href":"https:\/\/www.lespierrades.fr\/index.php?rest_route=\/wp\/v2\/pages\/908\/revisions\/1069"}],"wp:attachment":[{"href":"https:\/\/www.lespierrades.fr\/index.php?rest_route=%2Fwp%2Fv2%2Fmedia&parent=908"}],"curies":[{"name":"wp","href":"https:\/\/api.w.org\/{rel}","templated":true}]}}