{"id":854,"date":"2023-03-02T18:07:38","date_gmt":"2023-03-02T17:07:38","guid":{"rendered":"http:\/\/www.lespierrades.fr\/?page_id=854"},"modified":"2023-06-30T10:15:51","modified_gmt":"2023-06-30T09:15:51","slug":"activites-pour-votre-sejour","status":"publish","type":"page","link":"https:\/\/www.lespierrades.fr\/?page_id=854","title":{"rendered":"\u00c0 proximit\u00e9"},"content":{"rendered":"\n<div style=\"height:100px\" aria-hidden=\"true\" class=\"wp-block-spacer\"><\/div>\n\n\n\n<p>Les Pierrades en Camargue sont entour\u00e9es de petits villages typiques du sud de la France et qui s&rsquo;animent avec les traditions locales faisant la richesse de la r\u00e9gion. Voici plusieurs destinations et activit\u00e9s \u00e0 faire moins de 20min de notre domaine pour des excursions faciles \u00e0 organiser et parfaite pour occuper vos journ\u00e9es d&rsquo;\u00e9t\u00e9 lors de votre s\u00e9jour dans nos g\u00eetes et locations meubl\u00e9es.<\/p>\n\n\n\n<div style=\"height:100px\" aria-hidden=\"true\" class=\"wp-block-spacer\"><\/div>\n\n\n\n<h2 class=\"wp-block-heading\">Les traditions camarguaises<\/h2>\n\n\n\n<p>Fortement ancr\u00e9es dans la culture locale, les traditions camarguaises et leurs c\u00e9l\u00e9brations rythment les \u00e9t\u00e9s dans le sud de la France. <\/p>\n\n\n\n<p>Les l\u00e2chers de taureaux entour\u00e9s de leurs gardians \u00e0 cheval dans les villages se font lors des f\u00eates votives. Ils suivent un parcours pr\u00e9-d\u00e9fini dans la ville et les habitant s&rsquo;en approchent pour observer leur passage. <\/p>\n\n\n\n<p>La f\u00eate du hameau de Montcalm a lieu chaque ann\u00e9e le 1er weekend de juillet mais des festivit\u00e9s similaires ont lieux tout l&rsquo;\u00e9t\u00e9 dans les villages des alentours.  Vous pouvez voir sur la photos ci-dessous un passage de la <strong>bandido<\/strong> avec chevaux et taureaux dans les rues du hameau de Montcalm.<\/p>\n\n\n\n<figure class=\"wp-block-image size-large\"><img loading=\"lazy\" decoding=\"async\" width=\"1024\" height=\"680\" src=\"https:\/\/www.lespierrades.fr\/wp-content\/uploads\/2013\/10\/DSC_2183-1024x680.jpg\" alt=\"\" class=\"wp-image-219\" srcset=\"https:\/\/www.lespierrades.fr\/wp-content\/uploads\/2013\/10\/DSC_2183-1024x680.jpg 1024w, https:\/\/www.lespierrades.fr\/wp-content\/uploads\/2013\/10\/DSC_2183-900x598.jpg 900w\" sizes=\"auto, (max-width: 1024px) 100vw, 1024px\" \/><\/figure>\n\n\n\n<div style=\"height:100px\" aria-hidden=\"true\" class=\"wp-block-spacer\"><\/div>\n\n\n\n<h2 class=\"wp-block-heading\">Aigues-Mortes<\/h2>\n\n\n\n<p>Cette ville m\u00e9di\u00e9vale construite par le roi Saint Louis est connue pour ses fortifications: les remparts. Ils se visitent et permettent de profiter de ce joli village du sud de la r\u00e9gion. <\/p>\n\n\n\n<p>Chaque ann\u00e9e lors de la f\u00eate du 15 ao\u00fbt, les habitants se d\u00e9guisent en costume d&rsquo;\u00e9poque et animent des festivit\u00e9s repr\u00e9sentant le roi Saint Louis et sa cour d&rsquo;\u00e9poque puis d\u00e9filent dans la ville. <\/p>\n\n\n\n<p>Profitez de ce cadre charg\u00e9 d&rsquo;histoire et remonter au temps des templiers avec une visite de ce beau village \u00e0 seulement 10min en voiture de nos locations et g\u00eetes en Camargue.<\/p>\n\n\n\n<figure class=\"wp-block-image size-large\"><img loading=\"lazy\" decoding=\"async\" width=\"1024\" height=\"667\" src=\"https:\/\/www.lespierrades.fr\/wp-content\/uploads\/2023\/06\/Aigues-mortes-1024x667.jpeg\" alt=\"\" class=\"wp-image-1130\" srcset=\"https:\/\/www.lespierrades.fr\/wp-content\/uploads\/2023\/06\/Aigues-mortes-1024x667.jpeg 1024w, https:\/\/www.lespierrades.fr\/wp-content\/uploads\/2023\/06\/Aigues-mortes-900x586.jpeg 900w, https:\/\/www.lespierrades.fr\/wp-content\/uploads\/2023\/06\/Aigues-mortes-768x500.jpeg 768w, https:\/\/www.lespierrades.fr\/wp-content\/uploads\/2023\/06\/Aigues-mortes-1536x1001.jpeg 1536w, https:\/\/www.lespierrades.fr\/wp-content\/uploads\/2023\/06\/Aigues-mortes-2048x1334.jpeg 2048w, https:\/\/www.lespierrades.fr\/wp-content\/uploads\/2023\/06\/Aigues-mortes-1170x762.jpeg 1170w\" sizes=\"auto, (max-width: 1024px) 100vw, 1024px\" \/><\/figure>\n\n\n\n<div style=\"height:100px\" aria-hidden=\"true\" class=\"wp-block-spacer\"><\/div>\n\n\n\n<h2 class=\"wp-block-heading\">Le Grau-Du-Roi<\/h2>\n\n\n\n<p>Cet authentique village de p\u00e9cheurs est r\u00e9put\u00e9 pour ses nombreuses plages de sable et permet de profiter de l&rsquo;\u00e9t\u00e9 au soleil. De nombreux commerces et restaurants y offrent des produits locaux, souvent orient\u00e9s autour de la mer.<\/p>\n\n\n\n<p>\u00c0 seulement 20min de notre domaine, c&rsquo;est une destination de choix pour une journ\u00e9e \u00e0 la plage en famille et visiter un joli village de la r\u00e9gion.<\/p>\n\n\n\n<figure class=\"wp-block-image size-large\"><img loading=\"lazy\" decoding=\"async\" width=\"1024\" height=\"614\" src=\"https:\/\/www.lespierrades.fr\/wp-content\/uploads\/2023\/06\/FR_LeGrau-du-Roi_FR_Header-1024x614.webp\" alt=\"\" class=\"wp-image-1132\" srcset=\"https:\/\/www.lespierrades.fr\/wp-content\/uploads\/2023\/06\/FR_LeGrau-du-Roi_FR_Header-1024x614.webp 1024w, https:\/\/www.lespierrades.fr\/wp-content\/uploads\/2023\/06\/FR_LeGrau-du-Roi_FR_Header-900x540.webp 900w, https:\/\/www.lespierrades.fr\/wp-content\/uploads\/2023\/06\/FR_LeGrau-du-Roi_FR_Header-768x461.webp 768w, https:\/\/www.lespierrades.fr\/wp-content\/uploads\/2023\/06\/FR_LeGrau-du-Roi_FR_Header-1536x922.webp 1536w, https:\/\/www.lespierrades.fr\/wp-content\/uploads\/2023\/06\/FR_LeGrau-du-Roi_FR_Header-1170x702.webp 1170w, https:\/\/www.lespierrades.fr\/wp-content\/uploads\/2023\/06\/FR_LeGrau-du-Roi_FR_Header.webp 1680w\" sizes=\"auto, (max-width: 1024px) 100vw, 1024px\" \/><\/figure>\n\n\n\n<div style=\"height:100px\" aria-hidden=\"true\" class=\"wp-block-spacer\"><\/div>\n\n\n\n<h2 class=\"wp-block-heading\">Les Saintes Maries de la Mer<\/h2>\n\n\n\n<p>Appel\u00e9e souvent la capitale de la Camargue, les Saintes-Maries-de-la-Mer est un joli village proche du petit Rh\u00f4ne qui dessine la camargue et entour\u00e9 de paysages typiquement camarguais. Vous y trouverez des marais avec chevaux et taureaux en abondance, des flamants roses et \u00e9galement de belles plages de sable. <\/p>\n\n\n\n<p><\/p>\n\n\n\n<p>Parfait pour organiser une promenade \u00e0 cheval ou profiter du soleil, de nombreuses animations taurines y ont lieu tout l&rsquo;\u00e9t\u00e9 notamment des courses camarguaises ou les raseteurs viennent d\u00e9fier les taureaux camarguais dans l&rsquo;ar\u00e8ne.<\/p>\n\n\n\n<p>Les Saintes Maries de la Mer sont aussi un lieu de p\u00e9lerinage pour la communaut\u00e9 gitanes qui s&rsquo;y retrouve chaque ann\u00e9e au moi de mai pour la f\u00eate de Marie Sara<\/p>\n\n\n\n<figure class=\"wp-block-image size-full\"><img loading=\"lazy\" decoding=\"async\" width=\"820\" height=\"436\" src=\"https:\/\/www.lespierrades.fr\/wp-content\/uploads\/2023\/06\/Sainte-maries-de-la-mer.jpeg\" alt=\"\" class=\"wp-image-1134\" srcset=\"https:\/\/www.lespierrades.fr\/wp-content\/uploads\/2023\/06\/Sainte-maries-de-la-mer.jpeg 820w, https:\/\/www.lespierrades.fr\/wp-content\/uploads\/2023\/06\/Sainte-maries-de-la-mer-768x408.jpeg 768w\" sizes=\"auto, (max-width: 820px) 100vw, 820px\" \/><\/figure>\n\n\n\n<div style=\"height:100px\" aria-hidden=\"true\" class=\"wp-block-spacer\"><\/div>\n\n\n\n<p><\/p>\n\n\n\n<h2 class=\"wp-block-heading\">Les vins des sables et des costi\u00e8res<\/h2>\n\n\n\n<p>La r\u00e9gion de la Camargue est connue pour ses vins des sables, une appellation qui produit des vins blancs, ros\u00e9s et gris de qualit\u00e9 r\u00e9put\u00e9s pour leur fraicheurs et l\u00e9g\u00e8ret\u00e9. <\/p>\n\n\n\n<p>Vous trouverez de nombreux caveaux de d\u00e9gustation \u00e0 proximit\u00e9 et aux alentours du hameau de Montcalm.<\/p>\n\n\n\n<p>Un peu plus au nord de la Camargue, vous trouverez l&rsquo;appellation Costi\u00e8res de N\u00eemes qui est le terroir le plus au sud de la vall\u00e9e du Rh\u00f4ne. Il produit des vins rouges et blancs de qualit\u00e9, structur\u00e9s et avec l&rsquo;assemblage typique de la vall\u00e9e: Syrah, Mourv\u00e8dre, Grenache. Des vins \u00e0 d\u00e9couvrir \u00e0 proximit\u00e9 de nos g\u00eetes saisonniers.<\/p>\n\n\n\n<figure class=\"wp-block-image size-full\"><img loading=\"lazy\" decoding=\"async\" width=\"1024\" height=\"576\" src=\"https:\/\/www.lespierrades.fr\/wp-content\/uploads\/2023\/06\/Costiere-de-nimes.webp\" alt=\"\" class=\"wp-image-1136\" srcset=\"https:\/\/www.lespierrades.fr\/wp-content\/uploads\/2023\/06\/Costiere-de-nimes.webp 1024w, https:\/\/www.lespierrades.fr\/wp-content\/uploads\/2023\/06\/Costiere-de-nimes-900x506.webp 900w, https:\/\/www.lespierrades.fr\/wp-content\/uploads\/2023\/06\/Costiere-de-nimes-768x432.webp 768w\" sizes=\"auto, (max-width: 1024px) 100vw, 1024px\" \/><\/figure>\n\n\n\n<p> <\/p>\n\n\n\n<p>   <\/p>\n\n\n\n<p><\/p>\n","protected":false},"excerpt":{"rendered":"<p>Les Pierrades en Camargue sont entour\u00e9es de petits villages typiques du sud de la France et qui s&rsquo;animent avec les traditions locales faisant la richesse de la r\u00e9gion. Voici plusieurs destinations et activit\u00e9s \u00e0 faire moins de 20min de notre domaine pour des excursions faciles \u00e0 organiser et parfaite pour occuper vos journ\u00e9es d&rsquo;\u00e9t\u00e9 lors [&hellip;]<\/p>\n","protected":false},"author":1,"featured_media":0,"parent":0,"menu_order":0,"comment_status":"closed","ping_status":"closed","template":"","meta":{"_acf_changed":false,"footnotes":""},"class_list":["post-854","page","type-page","status-publish","hentry"],"acf":[],"_links":{"self":[{"href":"https:\/\/www.lespierrades.fr\/index.php?rest_route=\/wp\/v2\/pages\/854","targetHints":{"allow":["GET"]}}],"collection":[{"href":"https:\/\/www.lespierrades.fr\/index.php?rest_route=\/wp\/v2\/pages"}],"about":[{"href":"https:\/\/www.lespierrades.fr\/index.php?rest_route=\/wp\/v2\/types\/page"}],"author":[{"embeddable":true,"href":"https:\/\/www.lespierrades.fr\/index.php?rest_route=\/wp\/v2\/users\/1"}],"replies":[{"embeddable":true,"href":"https:\/\/www.lespierrades.fr\/index.php?rest_route=%2Fwp%2Fv2%2Fcomments&post=854"}],"version-history":[{"count":13,"href":"https:\/\/www.lespierrades.fr\/index.php?rest_route=\/wp\/v2\/pages\/854\/revisions"}],"predecessor-version":[{"id":1138,"href":"https:\/\/www.lespierrades.fr\/index.php?rest_route=\/wp\/v2\/pages\/854\/revisions\/1138"}],"wp:attachment":[{"href":"https:\/\/www.lespierrades.fr\/index.php?rest_route=%2Fwp%2Fv2%2Fmedia&parent=854"}],"curies":[{"name":"wp","href":"https:\/\/api.w.org\/{rel}","templated":true}]}}