{"id":1046,"date":"2023-04-17T16:55:00","date_gmt":"2023-04-17T15:55:00","guid":{"rendered":"https:\/\/www.lespierrades.fr\/?page_id=1046"},"modified":"2023-05-02T08:43:48","modified_gmt":"2023-05-02T07:43:48","slug":"le-hameau-de-montcalm","status":"publish","type":"page","link":"https:\/\/www.lespierrades.fr\/?page_id=1046","title":{"rendered":"Le hameau de Montcalm"},"content":{"rendered":"\n<p>Datant de plus de 300 ans et remontant au d\u00e9but des ann\u00e9es 1700, l&rsquo;histoire du hameau de Montcalm commence avec Louis-Joseph, Marquis de Montcalm qui poss\u00e8de des terres dans le Bas-Languedoc. sur le site actuel du hameau, utilis\u00e9es principalement pour des motifs agricoles. Le hameau n&rsquo;existe pas encore mais le Marquis lui donnera son nom durant le si\u00e8cle suivant. <\/p>\n\n\n\n<p>Plusieurs familles nobles du sud de la France rach\u00e8teront ensuite les terres vers la fin des ann\u00e9es 1800 pour y construire le ch\u00e2teau de Montcalm et l&rsquo;ensemble des installations n\u00e9cessaires \u00e0 la vie du hameau. <\/p>\n\n\n\n<p>Durant le si\u00e8cle dernier, le domaine changera de propri\u00e9taire \u00e0 maintes reprise et tombera en ruine, faute de fonds pour maintenir un ch\u00e2teau de cette envergure.  <\/p>\n\n\n\n<p>La famille Rutyna rach\u00e8tera dans les ann\u00e9es 1980 plusieurs b\u00e2timents d&rsquo;\u00e9poque correspondant aux d\u00e9pendances du ch\u00e2teau et r\u00e9novera une partie du site historique tout en gardant le charme d&rsquo;origine. <\/p>\n\n\n\n<figure class=\"wp-block-image aligncenter size-medium is-resized\"><img loading=\"lazy\" decoding=\"async\" src=\"https:\/\/www.lespierrades.fr\/wp-content\/uploads\/2023\/04\/chateau-depuis-la-cour-edited-scaled.jpg\" alt=\"\" class=\"wp-image-1049\" width=\"485\" height=\"302\" srcset=\"https:\/\/www.lespierrades.fr\/wp-content\/uploads\/2023\/04\/chateau-depuis-la-cour-edited-scaled.jpg 2560w, https:\/\/www.lespierrades.fr\/wp-content\/uploads\/2023\/04\/chateau-depuis-la-cour-edited-900x563.jpg 900w, https:\/\/www.lespierrades.fr\/wp-content\/uploads\/2023\/04\/chateau-depuis-la-cour-edited-1024x640.jpg 1024w, https:\/\/www.lespierrades.fr\/wp-content\/uploads\/2023\/04\/chateau-depuis-la-cour-edited-768x480.jpg 768w, https:\/\/www.lespierrades.fr\/wp-content\/uploads\/2023\/04\/chateau-depuis-la-cour-edited-1536x960.jpg 1536w, https:\/\/www.lespierrades.fr\/wp-content\/uploads\/2023\/04\/chateau-depuis-la-cour-edited-2048x1280.jpg 2048w, https:\/\/www.lespierrades.fr\/wp-content\/uploads\/2023\/04\/chateau-depuis-la-cour-edited-1170x731.jpg 1170w\" sizes=\"auto, (max-width: 485px) 100vw, 485px\" \/><figcaption class=\"wp-element-caption\">Le ch\u00e2teau de Montcalm (en ruines)<\/figcaption><\/figure>\n\n\n\n<hr class=\"wp-block-separator has-alpha-channel-opacity\"\/>\n\n\n\n<h2 class=\"wp-block-heading\">Le Marquis de Montcalm<\/h2>\n\n\n\n<p>Louis-Joseph, marquis de Montcalm est lieutenant-g\u00e9n\u00e9ral des forces fran\u00e7aises en&nbsp;Nouvelle-France et n\u00e9 le 28 f\u00e9vrier 1712 \u00e0 Vestric-et-Candiac pr\u00e8s de N\u00eemes. Durant sa carri\u00e8re militaire, il participe \u00e0 de nombreuses campagnes en Europe avant de venir combattre en Am\u00e9rique du Nord pendant la&nbsp;guerre de Sept Ans. Il dirige la d\u00e9fense de la ville de Qu\u00e9bec \u00e0 l\u2019\u00e9t\u00e9 1759 lors du si\u00e8ge de la ville par le major-g\u00e9n\u00e9ral britannique&nbsp;James Wolfe, qui culmine avec la&nbsp;bataille des plaines d\u2019Abraham ou il perdra la vie le 14 septembre 1759 apr\u00e8s avoir \u00e9t\u00e9 bless\u00e9 mortellement sur le champ de bataille.<\/p>\n\n\n\n<figure class=\"wp-block-image aligncenter size-full\"><img loading=\"lazy\" decoding=\"async\" width=\"295\" height=\"360\" src=\"https:\/\/www.lespierrades.fr\/wp-content\/uploads\/2023\/04\/754929e3-b444-4cb4-88da-ff8bf39b944e.jpeg\" alt=\"\" class=\"wp-image-1052\"\/><figcaption class=\"wp-element-caption\">Marquis Louis-Joseph de Montcalm<\/figcaption><\/figure>\n\n\n\n<p><\/p>\n\n\n\n<p>Avant la R\u00e9volution Fran\u00e7aise, Montcalm fait partie des terres de la famille de Montcalm dont le ch\u00e2teau se trouve sur la commune de\u00a0Vestric-et-Candiac. \u00c0 Montcalm, il y a des terres et des marais, le hameau n&rsquo;existe pas. Pendant la R\u00e9volution fran\u00e7aise, les propri\u00e9taires sont expropri\u00e9s et les terres vendues. Elles sont r\u00e9cup\u00e9r\u00e9es sous la\u00a0Restauration\u00a0par plusieurs propri\u00e9taires fonciers successifs.<\/p>\n\n\n\n<hr class=\"wp-block-separator has-alpha-channel-opacity\"\/>\n\n\n\n<p><\/p>\n\n\n\n<h2 class=\"wp-block-heading\">L&rsquo; acquisition par Louis Prat<\/h2>\n\n\n\n<p>\u00c0 la fin du&nbsp;19\u00e8me&nbsp;si\u00e8cle, ce sont des bourgeois marseillais&nbsp;qui investissent dans le Bas-Languedoc \u00e0 la recherche de nouvelles terres. Le Bas-Languedoc et la Petite Camargue attirent les investisseurs, car on peut y d\u00e9velopper un vignoble plant\u00e9 dans le sable, ce qui le prot\u00e8ge du phyllox\u00e9ra qui fait des ravages dans le monde viticole \u00e0 cette \u00e9poque. <\/p>\n\n\n\n<p>En 1882, l&rsquo;entrepreneur et grand bourgeois marseillais Louis Prat, \u00e0 la t\u00eate de l&rsquo;industrie&nbsp;Noilly-Prat&nbsp;qui fabrique du&nbsp;vermouth&nbsp;et de l\u2019absinthe, ach\u00e8te les terres de Montcalm. Les 700 hectares de terres lui permettent de planter des vignes dans les zones sablonneuses, le long de la route conduisant d&rsquo;Aigues-Mortes&nbsp;\u00e0&nbsp;Sylv\u00e9r\u00e9al, tandis que les marais et pin\u00e8des sont r\u00e9serv\u00e9s \u00e0 la chasse.<\/p>\n\n\n\n<figure class=\"wp-block-image aligncenter size-full is-resized\"><img loading=\"lazy\" decoding=\"async\" src=\"https:\/\/www.lespierrades.fr\/wp-content\/uploads\/2023\/04\/noillyprat-desktop-overview-cocktail-original-martini-640x640-1.jpg\" alt=\"\" class=\"wp-image-1056\" width=\"299\" height=\"299\" srcset=\"https:\/\/www.lespierrades.fr\/wp-content\/uploads\/2023\/04\/noillyprat-desktop-overview-cocktail-original-martini-640x640-1.jpg 640w, https:\/\/www.lespierrades.fr\/wp-content\/uploads\/2023\/04\/noillyprat-desktop-overview-cocktail-original-martini-640x640-1-200x200.jpg 200w\" sizes=\"auto, (max-width: 299px) 100vw, 299px\" \/><figcaption class=\"wp-element-caption\">Le vermouth Noilly Prat<\/figcaption><\/figure>\n\n\n\n<p>Afin de d\u00e9velopper son domaine viticole et son domaine de chasse, Louis Prat fait construire un ch\u00e2teau servant de pavillon de chasse et de maison secondaire. Il peut y accueillir et loger la bourgeoisie marseillaise, amis, proches et hommes politiques marseillais venus chasser avec lui. Autour du ch\u00e2teau, il fait construire une agglom\u00e9ration qui deviendra le hameau. Il \u00e9tablit aussi les Mas du Pive et le Mas Neuf. <\/p>\n\n\n\n<p><\/p>\n\n\n\n<p>On trouve dans le hameau des b\u00e2timents d&rsquo;exploitation: une cave et des \u00e9curies pour les chevaux de chasse \u00e0 courre. On cr\u00e9e aussi un&nbsp;ramonettage qui est une grande r\u00e9sidence collective pour les 40 employ\u00e9s du domaines ainsi que pour les travailleurs saisonniers et les domestiques. Pour assurer le bon fonctionnement du hameau, on y construit \u00e9galement&nbsp;un four public, un ch\u00e2teau d&rsquo;eau, un lavoir, une \u00e9cole pour les enfants des employ\u00e9s ainsi qu&rsquo;une chapelle situ\u00e9e \u00e0 500&nbsp;m&nbsp;du ch\u00e2teau et aujourd&rsquo;hui bien visible entour\u00e9e de vignes.<\/p>\n\n\n\n<figure class=\"wp-block-image aligncenter size-full is-resized\"><img loading=\"lazy\" decoding=\"async\" src=\"https:\/\/www.lespierrades.fr\/wp-content\/uploads\/2023\/04\/photos_12772937704651.jpeg\" alt=\"\" class=\"wp-image-1053\" width=\"223\" height=\"297\"\/><figcaption class=\"wp-element-caption\">Chapelle de Montcalm<\/figcaption><\/figure>\n\n\n\n<hr class=\"wp-block-separator has-alpha-channel-opacity\"\/>\n\n\n\n<h2 class=\"wp-block-heading\">Le si\u00e8cle dernier<\/h2>\n\n\n\n<p>\u00c0 la mort de Louis Prat, en 1932, le domaine n&rsquo;est pas repris faute d&rsquo;h\u00e9ritiers directs et apr\u00e8s une vente aux ench\u00e8res des meubles sur le parvis du chateau, il tombera graduellement en ruine.  <\/p>\n\n\n\n<p>Depuis, plusieurs propri\u00e9taires se partagent ses terres. Le ch\u00e2teau lui-m\u00eame est pass\u00e9 dans les mains de plusieurs acqu\u00e9reurs qui revendront ses \u00e9l\u00e9ments de valeurs, sculptures et boiseries ce qui m\u00e8nera \u00e0 sa ruine, combin\u00e9 \u00e0 l&rsquo;effet du temps pass\u00e9 sans entretien. <\/p>\n\n\n\n<p>L&rsquo;\u00e9cole a \u00e9t\u00e9 reprise par la commune de&nbsp;Vauvert, les mas alentours continuent leur activit\u00e9 viticole ou d&rsquo;agriculture. Les pavillons autour du ch\u00e2teau seront rachet\u00e9s par divers propri\u00e9taires locaux dont la famille Rutyna qui fait l&rsquo;acquisition au milieu des ann\u00e9es 1980 d&rsquo;une premi\u00e8re d\u00e9pendance derri\u00e8re l&rsquo;\u00e9cole: l&rsquo;ancien ramonettage. Au fil des r\u00e9novations, les anciennes \u00e9curies ainsi que la sellerie seront \u00e9galement acquises et r\u00e9-am\u00e9nag\u00e9es pour supporter le d\u00e9veloppement du domaine et s&rsquo;orienter vers le tourisme.<\/p>\n\n\n\n<figure class=\"wp-block-image aligncenter size-large is-resized\"><img loading=\"lazy\" decoding=\"async\" src=\"https:\/\/www.lespierrades.fr\/wp-content\/uploads\/2023\/04\/IMG_5137-1-1024x768.jpg\" alt=\"\" class=\"wp-image-942\" width=\"369\" height=\"277\" srcset=\"https:\/\/www.lespierrades.fr\/wp-content\/uploads\/2023\/04\/IMG_5137-1-1024x768.jpg 1024w, https:\/\/www.lespierrades.fr\/wp-content\/uploads\/2023\/04\/IMG_5137-1-900x675.jpg 900w, https:\/\/www.lespierrades.fr\/wp-content\/uploads\/2023\/04\/IMG_5137-1-768x576.jpg 768w, https:\/\/www.lespierrades.fr\/wp-content\/uploads\/2023\/04\/IMG_5137-1-1536x1152.jpg 1536w, https:\/\/www.lespierrades.fr\/wp-content\/uploads\/2023\/04\/IMG_5137-1-2048x1536.jpg 2048w\" sizes=\"auto, (max-width: 369px) 100vw, 369px\" \/><figcaption class=\"wp-element-caption\">Porte d&rsquo;entr\u00e9e de la sellerie, b\u00e2timent d&rsquo;origine<\/figcaption><\/figure>\n\n\n\n<hr class=\"wp-block-separator has-alpha-channel-opacity\"\/>\n\n\n\n<p><\/p>\n\n\n\n<h2 class=\"wp-block-heading\">Aujourd&rsquo;hui <\/h2>\n\n\n\n<p>C&rsquo;est dans ces constructions d&rsquo;\u00e9poque \u00e0 l&rsquo;architecture unique que la majorit\u00e9 des g\u00eetes Les Pierrades se trouvent aujourd&rsquo;hui. L&rsquo;effort fait par les propri\u00e9taires pour conserver les charpentes d&rsquo;origine, les facades avec pierres angulaires et briques rouges ou encore la cour pav\u00e9e de demi galets ronds provenant des Costi\u00e8res de N\u00eemes lui donnent un charme particulier, faisant face au ch\u00e2teau au centre du hameau.<\/p>\n\n\n\n<p><\/p>\n\n\n\n<p>Ce dernier quant \u00e0 lui retrouvera sa toiture perdue gr\u00e2ce au travail de nouveaux propri\u00e9taires dans les ann\u00e9es 2010 qui acc\u00e9l\u00e8reront sa restauration. Le hameau de Montcalm vit d\u00e9sormais du tourisme et des activit\u00e9s de la vigne qui continuent de se d\u00e9velopper dans la r\u00e9gion et de sa proximit\u00e9 avec les stations baln\u00e9aires qui font de ce lieu recul\u00e9 un endroit calme et reposant pour profiter de la Camargue, de ses produits locaux et de ses traditions.<\/p>\n","protected":false},"excerpt":{"rendered":"<p>Datant de plus de 300 ans et remontant au d\u00e9but des ann\u00e9es 1700, l&rsquo;histoire du hameau de Montcalm commence avec Louis-Joseph, Marquis de Montcalm qui poss\u00e8de des terres dans le Bas-Languedoc. sur le site actuel du hameau, utilis\u00e9es principalement pour des motifs agricoles. Le hameau n&rsquo;existe pas encore mais le Marquis lui donnera son nom [&hellip;]<\/p>\n","protected":false},"author":1,"featured_media":0,"parent":0,"menu_order":0,"comment_status":"closed","ping_status":"closed","template":"","meta":{"_acf_changed":false,"footnotes":""},"class_list":["post-1046","page","type-page","status-publish","hentry"],"acf":[],"_links":{"self":[{"href":"https:\/\/www.lespierrades.fr\/index.php?rest_route=\/wp\/v2\/pages\/1046","targetHints":{"allow":["GET"]}}],"collection":[{"href":"https:\/\/www.lespierrades.fr\/index.php?rest_route=\/wp\/v2\/pages"}],"about":[{"href":"https:\/\/www.lespierrades.fr\/index.php?rest_route=\/wp\/v2\/types\/page"}],"author":[{"embeddable":true,"href":"https:\/\/www.lespierrades.fr\/index.php?rest_route=\/wp\/v2\/users\/1"}],"replies":[{"embeddable":true,"href":"https:\/\/www.lespierrades.fr\/index.php?rest_route=%2Fwp%2Fv2%2Fcomments&post=1046"}],"version-history":[{"count":6,"href":"https:\/\/www.lespierrades.fr\/index.php?rest_route=\/wp\/v2\/pages\/1046\/revisions"}],"predecessor-version":[{"id":1073,"href":"https:\/\/www.lespierrades.fr\/index.php?rest_route=\/wp\/v2\/pages\/1046\/revisions\/1073"}],"wp:attachment":[{"href":"https:\/\/www.lespierrades.fr\/index.php?rest_route=%2Fwp%2Fv2%2Fmedia&parent=1046"}],"curies":[{"name":"wp","href":"https:\/\/api.w.org\/{rel}","templated":true}]}}